{"id":578,"date":"2020-10-12T13:01:52","date_gmt":"2020-10-12T12:01:52","guid":{"rendered":"http:\/\/omn.ie\/?page_id=578"},"modified":"2025-12-18T20:51:46","modified_gmt":"2025-12-18T20:51:46","slug":"ronn-lenxgnoxog","status":"publish","type":"page","link":"http:\/\/omn.ie\/index.php\/ronn-lenxgnoxog\/","title":{"rendered":"Ronn-Lenx&#038;Gn\u00f3x\u00d3g-"},"content":{"rendered":"<h1 style=\"text-align: left;\"><a href=\"http:\/\/omn.ie\/\" target=\"_blank\" rel=\"noopener\"><img loading=\"lazy\" decoding=\"async\" class=\" wp-image-2657 alignleft\" src=\"http:\/\/omn.ie\/wp-content\/uploads\/2020\/10\/RonLeanb7Og-.png\" alt=\"\" width=\"136\" height=\"136\" srcset=\"http:\/\/omn.ie\/wp-content\/uploads\/2020\/10\/RonLeanb7Og-.png 209w, http:\/\/omn.ie\/wp-content\/uploads\/2020\/10\/RonLeanb7Og--150x150.png 150w, http:\/\/omn.ie\/wp-content\/uploads\/2020\/10\/RonLeanb7Og--66x66.png 66w\" sizes=\"auto, (max-width: 136px) 100vw, 136px\" \/><\/a><\/h1>\n<h1 style=\"text-align: left;\"><\/h1>\n<h1 style=\"text-align: left;\">Ro\u00f1 n\u0109 \u013ben\u03b2x &amp; Gn\u00f3\u03b8x \u00d3\u011d\u0109<\/h1>\n","protected":false},"excerpt":{"rendered":"<p>Ro\u00f1 n\u0109 \u013ben\u03b2x &amp; Gn\u00f3\u03b8x \u00d3\u011d\u0109<\/p>\n","protected":false},"author":2,"featured_media":0,"parent":0,"menu_order":0,"comment_status":"closed","ping_status":"closed","template":"","meta":{"footnotes":""},"class_list":["post-578","page","type-page","status-publish","hentry"],"_links":{"self":[{"href":"http:\/\/omn.ie\/index.php\/wp-json\/wp\/v2\/pages\/578","targetHints":{"allow":["GET"]}}],"collection":[{"href":"http:\/\/omn.ie\/index.php\/wp-json\/wp\/v2\/pages"}],"about":[{"href":"http:\/\/omn.ie\/index.php\/wp-json\/wp\/v2\/types\/page"}],"author":[{"embeddable":true,"href":"http:\/\/omn.ie\/index.php\/wp-json\/wp\/v2\/users\/2"}],"replies":[{"embeddable":true,"href":"http:\/\/omn.ie\/index.php\/wp-json\/wp\/v2\/comments?post=578"}],"version-history":[{"count":4,"href":"http:\/\/omn.ie\/index.php\/wp-json\/wp\/v2\/pages\/578\/revisions"}],"predecessor-version":[{"id":8915,"href":"http:\/\/omn.ie\/index.php\/wp-json\/wp\/v2\/pages\/578\/revisions\/8915"}],"wp:attachment":[{"href":"http:\/\/omn.ie\/index.php\/wp-json\/wp\/v2\/media?parent=578"}],"curies":[{"name":"wp","href":"https:\/\/api.w.org\/{rel}","templated":true}]}}