{"id":572,"date":"2020-10-12T12:56:09","date_gmt":"2020-10-12T11:56:09","guid":{"rendered":"http:\/\/omn.ie\/?page_id=572"},"modified":"2025-12-18T20:52:21","modified_gmt":"2025-12-18T20:52:21","slug":"ronn-slant","status":"publish","type":"page","link":"http:\/\/omn.ie\/index.php\/ronn-slant\/","title":{"rendered":"Ronn-Sl\u00e1nt-"},"content":{"rendered":"<h1 style=\"text-align: left;\" data-fontsize=\"18\" data-lineheight=\"27\"><a href=\"http:\/\/omn.ie\/\" target=\"_blank\" rel=\"noopener\"><img loading=\"lazy\" decoding=\"async\" class=\"alignnone wp-image-2661\" src=\"http:\/\/omn.ie\/wp-content\/uploads\/2020\/10\/Slant-.png\" alt=\"\" width=\"153\" height=\"153\" srcset=\"http:\/\/omn.ie\/wp-content\/uploads\/2020\/10\/Slant-.png 209w, http:\/\/omn.ie\/wp-content\/uploads\/2020\/10\/Slant--150x150.png 150w, http:\/\/omn.ie\/wp-content\/uploads\/2020\/10\/Slant--66x66.png 66w\" sizes=\"auto, (max-width: 153px) 100vw, 153px\" \/><\/a> Ro\u00f1 n\u0109 Sl\u00e1n\u03c4\u0109<\/h1>\n<p>x<\/p>\n<p><a href=\"http:\/\/omn.ie\/wp-content\/uploads\/2015\/05\/HSE-attack.png\"><img loading=\"lazy\" decoding=\"async\" class=\"wp-image-3823 aligncenter\" src=\"http:\/\/omn.ie\/wp-content\/uploads\/2015\/05\/HSE-attack-300x158.png\" alt=\"\" width=\"771\" height=\"406\" srcset=\"http:\/\/omn.ie\/wp-content\/uploads\/2015\/05\/HSE-attack-300x158.png 300w, http:\/\/omn.ie\/wp-content\/uploads\/2015\/05\/HSE-attack-768x404.png 768w, http:\/\/omn.ie\/wp-content\/uploads\/2015\/05\/HSE-attack-1024x538.png 1024w, http:\/\/omn.ie\/wp-content\/uploads\/2015\/05\/HSE-attack.png 1121w\" sizes=\"auto, (max-width: 771px) 100vw, 771px\" \/><\/a><span style=\"color: #000000;\"><strong>x<\/strong><\/span><\/p>\n<h1><span style=\"color: #ff0000;\"><strong>The Irish so-called &#8220;Health Service Executive&#8221; is still advertising &#8220;Covid-19 vaccine&#8221; to &#8220;protect people*&#8221;.<\/strong><\/span><\/h1>\n<h1><span style=\"color: #ff0000;\"><strong>That makes every employee that has anything to do with this deliberate deadly misinformation is guilty of willful mass murder.<\/strong><\/span><\/h1>\n<h1><span style=\"color: #ff0000;\"><strong>The proofs of guilt are numerous and it&#8217;s time we got court hearings.<\/strong><\/span><\/h1>\n<p><span style=\"color: #000000;\"><strong>* Quote from HSE online info &lt;New bivalent COVID-19 vaccines are now being offered as booster doses. These adapted vaccines are expected to give you better protection against COVID-19, including the Omicron variant.&gt;<\/strong><\/span><\/p>\n<p style=\"text-align: center;\">x<\/p>\n<p><a href=\"http:\/\/omn.ie\/wp-content\/uploads\/2015\/05\/Death-Service-ExecutiveFSS.jpg\"><img loading=\"lazy\" decoding=\"async\" class=\"wp-image-2807 aligncenter\" src=\"http:\/\/omn.ie\/wp-content\/uploads\/2015\/05\/Death-Service-ExecutiveFSS-300x66.jpg\" alt=\"\" width=\"609\" height=\"134\" srcset=\"http:\/\/omn.ie\/wp-content\/uploads\/2015\/05\/Death-Service-ExecutiveFSS-300x66.jpg 300w, http:\/\/omn.ie\/wp-content\/uploads\/2015\/05\/Death-Service-ExecutiveFSS.jpg 583w\" sizes=\"auto, (max-width: 609px) 100vw, 609px\" \/><\/a><\/p>\n<h1 style=\"text-align: center;\"><span style=\"color: #ff0000;\">Death Service Executive<\/span><\/h1>\n<p><span style=\"color: #000000;\">This article refers to &#8220;Ireland&#8221;.<\/span><\/p>\n<p><span style=\"color: #000000;\">The State agencies referred to below have versions in almost every country in the World.<\/span><br \/>\n<span style=\"color: #000000;\">Telling us the truth is not mentioned in their &#8220;job-descriptions&#8221;\u2026<\/span><br \/>\n<span style=\"color: #000000;\">The main weapons used in the <strong>ongoing state-sponsored mass-murders<\/strong> are all portrayed falsely as good things!<\/span><br \/>\n<span style=\"color: #000000;\">The State <strong>&#8220;Death Service&#8221;<\/strong> deploys (under a false-flag name &#8220;The Health Service&#8221;)<\/span><br \/>\n<span style=\"color: #000000;\">1. <span style=\"color: #ff0000;\"><strong>Biological Weapons<\/strong><\/span> eg Cov-ID and the &#8220;sudden-adult-death&#8221; injections, called &#8220;vaccines&#8221;<\/span><br \/>\n<span style=\"color: #000000;\">2. <span style=\"color: #ff0000;\"><strong>&#8220;Abortion&#8221; &#8211; the ultimate child-abuse.<\/strong><\/span> Murder of the most innocent and defenceless by mercenary psychopaths, cloaked in &#8220;compassion&#8221; and a &#8220;Woman&#8217;s Right to Choose&#8221; &#8211; not her right to choose what clothes she wears or where she lives, or her friends, but the &#8220;choice&#8221; to murder her own offspring by a choice of two methods: either <strong>poisoning or gruesome dismembering.<\/strong><\/span><br \/>\n<span style=\"color: #000000;\"><strong><span style=\"color: #ff0000;\">Made a national &#8220;service&#8221; by an illegal and anti-democratic &#8220;Referendum&#8221;<\/span><\/strong>, so psychopaths can now be generously paid for <strong>the ultimate child-abuse<\/strong> under the auspices of the &#8220;Health Service&#8221;<\/span><br \/>\n<span style=\"color: #000000;\">3. Euthanasia is already <strong>being done indiscriminately by Cov-ID policy and by the &#8220;sudden-adult-death&#8221; injections, they criminally call &#8220;vaccines&#8221;.<\/strong><\/span><br \/>\n<span style=\"color: #000000;\">4. War. Organised by the &#8220;Defence&#8221; departments&#8230;<\/span><br \/>\n<span style=\"color: #000000;\">5. Starvation by weather-weaponisation and corruption in &#8220;aid&#8221; agencies.<\/span><\/p>\n<p><span style=\"color: #000000;\">&#8230;<strong>a<\/strong><\/span><strong>nd a few more weapons of mass-murder<\/strong> that are the only creations or innovations of a ruling-class of psychopaths in suits.<br \/>\n<span style=\"color: #000000;\">These are some of the lies our &#8220;Democracy&#8221; forces on us by incessant repetition and the obliteration of truth.<\/span><br \/>\n<span style=\"color: #000000;\">Stand for World Peace: recognise and destroy their lies &#8211; the lies they use to make us co-operate in our own oppression.<\/span><\/p>\n<p><a href=\"http:\/\/omn.ie\/wp-content\/uploads\/2015\/05\/2MainProviders.jpg\"><img loading=\"lazy\" decoding=\"async\" class=\"wp-image-2808 aligncenter\" src=\"http:\/\/omn.ie\/wp-content\/uploads\/2015\/05\/2MainProviders-300x251.jpg\" alt=\"\" width=\"541\" height=\"453\" srcset=\"http:\/\/omn.ie\/wp-content\/uploads\/2015\/05\/2MainProviders-300x251.jpg 300w, http:\/\/omn.ie\/wp-content\/uploads\/2015\/05\/2MainProviders-768x642.jpg 768w, http:\/\/omn.ie\/wp-content\/uploads\/2015\/05\/2MainProviders-1024x856.jpg 1024w\" sizes=\"auto, (max-width: 541px) 100vw, 541px\" \/><\/a><\/p>\n<p>x<\/p>\n","protected":false},"excerpt":{"rendered":"<p>Ro\u00f1 n\u0109 Sl\u00e1n\u03c4\u0109 x x The Irish so-called &#8220;Health Service Executive&#8221; is still advertising &#8220;Covid-19 vaccine&#8221; to &#8220;protect people*&#8221;. That makes every employee that has anything to do with this deliberate deadly misinformation is guilty of willful mass murder. The proofs of guilt are numerous and it&#8217;s time we got court hearings. * Quote from [&hellip;]<\/p>\n","protected":false},"author":2,"featured_media":0,"parent":0,"menu_order":0,"comment_status":"closed","ping_status":"closed","template":"","meta":{"footnotes":""},"class_list":["post-572","page","type-page","status-publish","hentry"],"_links":{"self":[{"href":"http:\/\/omn.ie\/index.php\/wp-json\/wp\/v2\/pages\/572","targetHints":{"allow":["GET"]}}],"collection":[{"href":"http:\/\/omn.ie\/index.php\/wp-json\/wp\/v2\/pages"}],"about":[{"href":"http:\/\/omn.ie\/index.php\/wp-json\/wp\/v2\/types\/page"}],"author":[{"embeddable":true,"href":"http:\/\/omn.ie\/index.php\/wp-json\/wp\/v2\/users\/2"}],"replies":[{"embeddable":true,"href":"http:\/\/omn.ie\/index.php\/wp-json\/wp\/v2\/comments?post=572"}],"version-history":[{"count":6,"href":"http:\/\/omn.ie\/index.php\/wp-json\/wp\/v2\/pages\/572\/revisions"}],"predecessor-version":[{"id":8916,"href":"http:\/\/omn.ie\/index.php\/wp-json\/wp\/v2\/pages\/572\/revisions\/8916"}],"wp:attachment":[{"href":"http:\/\/omn.ie\/index.php\/wp-json\/wp\/v2\/media?parent=572"}],"curies":[{"name":"wp","href":"https:\/\/api.w.org\/{rel}","templated":true}]}}