{"id":564,"date":"2020-10-12T12:50:23","date_gmt":"2020-10-12T11:50:23","guid":{"rendered":"http:\/\/omn.ie\/?page_id=564"},"modified":"2025-12-18T20:53:52","modified_gmt":"2025-12-18T20:53:52","slug":"ronnhaerd-comsl","status":"publish","type":"page","link":"http:\/\/omn.ie\/index.php\/ronnhaerd-comsl\/","title":{"rendered":"RonnhAerd-&#038;ComSl"},"content":{"rendered":"<h1 style=\"text-align: left;\" data-fontsize=\"18\" data-lineheight=\"27\"><a href=\"http:\/\/omn.ie\/\" target=\"_blank\" rel=\"noopener\"><img loading=\"lazy\" decoding=\"async\" class=\"alignnone  wp-image-2662\" src=\"http:\/\/omn.ie\/wp-content\/uploads\/2020\/10\/Aer7ComSaol.png\" alt=\"\" width=\"135\" height=\"135\" srcset=\"http:\/\/omn.ie\/wp-content\/uploads\/2020\/10\/Aer7ComSaol.png 209w, http:\/\/omn.ie\/wp-content\/uploads\/2020\/10\/Aer7ComSaol-150x150.png 150w, http:\/\/omn.ie\/wp-content\/uploads\/2020\/10\/Aer7ComSaol-66x66.png 66w\" sizes=\"auto, (max-width: 135px) 100vw, 135px\" \/><\/a> <a href=\"http:\/\/omn.ie\/index.php\/ronnhaerd-comsl\/\">Ro\u00f1 n\u0109 hAer\u00e1\u0135\u0109 &amp; \u2018n Co\u03bc\u03a3\u044d\u013c<\/a><\/h1>\n<p><a href=\"https:\/\/www.youtube.com\/watch?v=MBz4Zcx3ZKU\"><img loading=\"lazy\" decoding=\"async\" class=\"wp-image-611 alignleft\" src=\"http:\/\/omn.ie\/wp-content\/uploads\/2020\/10\/DoNot-300x92.jpg\" alt=\"\" width=\"734\" height=\"225\" srcset=\"http:\/\/omn.ie\/wp-content\/uploads\/2020\/10\/DoNot-300x92.jpg 300w, http:\/\/omn.ie\/wp-content\/uploads\/2020\/10\/DoNot-768x236.jpg 768w, http:\/\/omn.ie\/wp-content\/uploads\/2020\/10\/DoNot-1024x315.jpg 1024w, http:\/\/omn.ie\/wp-content\/uploads\/2020\/10\/DoNot.jpg 1920w\" sizes=\"auto, (max-width: 734px) 100vw, 734px\" \/><\/a><\/p>\n<div class=\"\" dir=\"auto\">\n<div id=\"jsc_c_3w\" class=\"ecm0bbzt hv4rvrfc ihqw7lf3 dati1w0a\" data-ad-comet-preview=\"message\" data-ad-preview=\"message\">\n<div class=\"j83agx80 cbu4d94t ew0dbk1b irj2b8pg\">\n<div class=\"qzhwtbm6 knvmm38d\">\n<div class=\"kvgmc6g5 cxmmr5t8 oygrvhab hcukyx3x c1et5uql ii04i59q\">\n<div dir=\"auto\">This film is well worth the time you will spend watching it. As I always say: don\u2019t \u201cdo your own research\u201d &#8211; take advantage of other peoples work and check what you feel you need to check. If you did all your own research, you would have no time to defend yourself: this is exactly what the enemies of humanity want.<\/div>\n<div dir=\"auto\">\u2026\u201dEnvironmental manipulation is the ultimate method of covert warfare because you can shut down food production. You can create a situation where the people within the country will revolt against their own government. Then you\u2019re invited in to mop up the mess\u2026\u201d<\/div>\n<div dir=\"auto\">\u201cIt could become a more important weapon than the atom bomb\u201d.<\/div>\n<div dir=\"auto\">\u201cOwning the weather in 2025\u201d &#8211; U.S.A.F. August 1996.<\/div>\n<div dir=\"auto\">The extinction rate is now 1,000 times normal (+100,000% of normal) and 70-80% of that extinction &#8211; both plant and animal &#8211; is related to fungal infection. Geoengineering particulates are known to proliferate fungal reproduction.<\/div>\n<div dir=\"auto\">Then you have GMOs that produce non-viable seeds, so you have to buy seed every year &#8211; on top of the fact that GMOs are extremely harmful to humans and other life.<\/div>\n<div dir=\"auto\">And &#8211; wonder of wonders &#8211; the weather \u201cdisasters\u201d seem to be directly correlated to an increase in Monsanto sales\u2026<\/div>\n<div dir=\"auto\">And &#8211; another wonder of wonders &#8211; Bill Gates invests heavily in Geoengineering and GMOs.<\/div>\n<div dir=\"auto\">There has been a big push to get bioengineered crops into Africa: these parasites regard man-made severe conditions as a business opportunity.<\/div>\n<div dir=\"auto\">The big players are \u201cdisaster capitalists\u201d &#8211; they are there greatest enemies of the human race that ever lived.<\/div>\n<div dir=\"auto\">In summary, they cause famines, then profit from the misery: all of them should be in jail.<\/div>\n<div dir=\"auto\">All these psychopath-produced problems will get worse until we regain our democratic control. This process begins with us being informed of the full facts. The existing dictatorship will never do this, but the New Irish Republic 2020 will.<\/div>\n<div dir=\"auto\">We all need clean air, water and food. The Geo and Bio \u201cengineers\u201d &#8211; \u201ctamperers\u201d would be a more fitting name, or vandals and mass-murderers &#8211; are trying to get a monopoly so we all come to depend on them to exist.<\/div>\n<div dir=\"auto\">We are all vulnerable and must begin to defend ourselves against these suited psychopathic thugs.<\/div>\n<div dir=\"auto\">No individual or group has any right to threaten our collective future for any reason. There are natural and sensible ways of solving our problems, but we must urgently remove the killers from their positions of power and get them into jails.<\/div>\n<div dir=\"auto\">It is only when we exercise our power of control and get rid of these lunatics that we will begin to see the light of freedom and real modernity.<\/div>\n<div dir=\"auto\"><a class=\"oajrlxb2 g5ia77u1 qu0x051f esr5mh6w e9989ue4 r7d6kgcz rq0escxv nhd2j8a9 nc684nl6 p7hjln8o kvgmc6g5 cxmmr5t8 oygrvhab hcukyx3x jb3vyjys rz4wbd8a qt6c0cv9 a8nywdso i1ao9s8h esuyzwwr f1sip0of lzcic4wl py34i1dx gpro0wi8\" tabindex=\"0\" href=\"https:\/\/l.facebook.com\/l.php?u=https%3A%2F%2Fwww.youtube.com%2Fwatch%3Fv%3DMBz4Zcx3ZKU%26fbclid%3DIwAR2BKvibqDn89KkWkJ_2QusNzws3u8fsIb4EU72nS2gPpyvY2Wo79Ak6yQA&amp;h=AT1uOxsc32WTNsytxV9VKcOTdmCB3OuoXjmAGC7M-4yKfWfAjH1L35mDrUmSrT0A3RWinaD5SOdGPDWupINTX9i2UBvPyLxuN0AubOvxO1sMrfkknT_AnNr4L4wc2FkZl_I_4I52F5tiAwGho_zMjbAs&amp;__tn__=-UK-R&amp;c[0]=AT08tIbABgWSOY5HtJuKSTPw8JEIpRg6rpLtyNWyin_Y06rqTvCCuR5TXE5XXLX2f_rlpxHyCWjHQzoOPxrqS1m8xy7JB5tAGyalOxhoYL57oUkuXQbJg332E4yllPnRkxTv073D3MXUtJb2k1-l\" target=\"_blank\" rel=\"nofollow noopener noreferrer\">https:\/\/www.youtube.com\/watch?v=MBz4Zcx3ZKU<\/a><\/div>\n<\/div>\n<\/div>\n<\/div>\n<div class=\"qzhwtbm6 knvmm38d\"><a href=\"https:\/\/www.youtube.com\/watch?v=MBz4Zcx3ZKU\"><img loading=\"lazy\" decoding=\"async\" class=\" wp-image-612 alignleft\" src=\"http:\/\/omn.ie\/wp-content\/uploads\/2020\/10\/Lunatics-300x138.jpg\" alt=\"\" width=\"496\" height=\"228\" srcset=\"http:\/\/omn.ie\/wp-content\/uploads\/2020\/10\/Lunatics-300x138.jpg 300w, http:\/\/omn.ie\/wp-content\/uploads\/2020\/10\/Lunatics-768x354.jpg 768w, http:\/\/omn.ie\/wp-content\/uploads\/2020\/10\/Lunatics-1024x472.jpg 1024w, http:\/\/omn.ie\/wp-content\/uploads\/2020\/10\/Lunatics.jpg 1283w\" sizes=\"auto, (max-width: 496px) 100vw, 496px\" \/><\/a><a href=\"https:\/\/www.youtube.com\/watch?v=MBz4Zcx3ZKU\"><img loading=\"lazy\" decoding=\"async\" class=\" wp-image-605 alignright\" src=\"http:\/\/omn.ie\/wp-content\/uploads\/2020\/10\/Screen-Shot-2020-10-12-at-21.57.13-300x169.png\" alt=\"\" width=\"404\" height=\"228\" srcset=\"http:\/\/omn.ie\/wp-content\/uploads\/2020\/10\/Screen-Shot-2020-10-12-at-21.57.13-300x169.png 300w, http:\/\/omn.ie\/wp-content\/uploads\/2020\/10\/Screen-Shot-2020-10-12-at-21.57.13-768x431.png 768w, http:\/\/omn.ie\/wp-content\/uploads\/2020\/10\/Screen-Shot-2020-10-12-at-21.57.13-1024x575.png 1024w, http:\/\/omn.ie\/wp-content\/uploads\/2020\/10\/Screen-Shot-2020-10-12-at-21.57.13.png 1755w\" sizes=\"auto, (max-width: 404px) 100vw, 404px\" \/><\/a><\/div>\n<\/div>\n<\/div>\n","protected":false},"excerpt":{"rendered":"<p>Ro\u00f1 n\u0109 hAer\u00e1\u0135\u0109 &amp; \u2018n Co\u03bc\u03a3\u044d\u013c This film is well worth the time you will spend watching it. As I always say: don\u2019t \u201cdo your own research\u201d &#8211; take advantage of other peoples work and check what you feel you need to check. If you did all your own research, you would have no time [&hellip;]<\/p>\n","protected":false},"author":2,"featured_media":0,"parent":0,"menu_order":0,"comment_status":"closed","ping_status":"closed","template":"","meta":{"footnotes":""},"class_list":["post-564","page","type-page","status-publish","hentry"],"_links":{"self":[{"href":"http:\/\/omn.ie\/index.php\/wp-json\/wp\/v2\/pages\/564","targetHints":{"allow":["GET"]}}],"collection":[{"href":"http:\/\/omn.ie\/index.php\/wp-json\/wp\/v2\/pages"}],"about":[{"href":"http:\/\/omn.ie\/index.php\/wp-json\/wp\/v2\/types\/page"}],"author":[{"embeddable":true,"href":"http:\/\/omn.ie\/index.php\/wp-json\/wp\/v2\/users\/2"}],"replies":[{"embeddable":true,"href":"http:\/\/omn.ie\/index.php\/wp-json\/wp\/v2\/comments?post=564"}],"version-history":[{"count":7,"href":"http:\/\/omn.ie\/index.php\/wp-json\/wp\/v2\/pages\/564\/revisions"}],"predecessor-version":[{"id":8918,"href":"http:\/\/omn.ie\/index.php\/wp-json\/wp\/v2\/pages\/564\/revisions\/8918"}],"wp:attachment":[{"href":"http:\/\/omn.ie\/index.php\/wp-json\/wp\/v2\/media?parent=564"}],"curies":[{"name":"wp","href":"https:\/\/api.w.org\/{rel}","templated":true}]}}