{"id":547,"date":"2020-10-12T11:24:34","date_gmt":"2020-10-12T10:24:34","guid":{"rendered":"http:\/\/omn.ie\/?page_id=547"},"modified":"2025-12-18T20:45:25","modified_gmt":"2025-12-18T20:45:25","slug":"poblctnhern2020","status":"publish","type":"page","link":"http:\/\/omn.ie\/index.php\/poblctnhern2020\/","title":{"rendered":"Pobl\u010bt nh \u00c9\u03c1n 2020"},"content":{"rendered":"<h1 style=\"text-align: left;\"><a href=\"http:\/\/omn.ie\/\" target=\"_blank\" rel=\"noopener\"><img loading=\"lazy\" decoding=\"async\" class=\"size-full wp-image-2521\" src=\"http:\/\/omn.ie\/wp-content\/uploads\/2020\/10\/PnhE2020.png\" alt=\"\" width=\"209\" height=\"209\" srcset=\"http:\/\/omn.ie\/wp-content\/uploads\/2020\/10\/PnhE2020.png 209w, http:\/\/omn.ie\/wp-content\/uploads\/2020\/10\/PnhE2020-150x150.png 150w, http:\/\/omn.ie\/wp-content\/uploads\/2020\/10\/PnhE2020-66x66.png 66w\" sizes=\"auto, (max-width: 209px) 100vw, 209px\" \/><\/a><\/h1>\n<h1><span style=\"color: #000000;\">16 Sa\u03bc\u00f1 2022: Conclusive arguments for Direct Democracy.<\/span><\/h1>\n<p><span style=\"color: #000000;\">When consensus is replaced by the manoeuvrings of people trying to launder and bribe as much money (.i. resources) as possible from the &#8220;system&#8221;, <strong>no decision can ever be based on facts and reality<\/strong>.<\/span><br \/>\n<span style=\"color: #000000;\">The whole system of &#8220;Parliamentary Democracy&#8221; that is currently forced on most of the world by the British and the empire of their associates in &#8220;legal&#8221; criminality is guaranteed almost never to make the correct decision.<\/span><br \/>\n<span style=\"color: #000000;\">This madness they call &#8220;Democracy&#8221; has led us to the current deadly state where the world is on the brink of ecological and social disaster when <span style=\"color: #ff0000;\"><strong>the solution is absolutely simple and straightforward<\/strong><\/span>, but would have no way of making a profit for the parasites who endanger us all in their never-ending quest for more power and wealth for their lunatic selves.<\/span><br \/>\n<span style=\"color: #000000;\">Our <a href=\"http:\/\/omn.ie\/index.php\/wayfrwrd5priorx\/\" target=\"_blank\" rel=\"noopener noreferrer\"><span style=\"color: #008000;\"><strong>Pnh\u00c92020-<\/strong><\/span><\/a> is the way forward. It is the correct model for Global Governance that has been censored, ignored, ridiculed and almost made to disappear by the wasters who now control you.<\/span><\/p>\n<p><span style=\"color: #000000;\">Is mise, ar son Pnh\u00c92020-,<\/span><\/p>\n<p><span style=\"color: #000000;\">Proinsias<\/span><\/p>\n<p>x<\/p>\n<h2>\u00a0<a href=\"http:\/\/omn.ie\/index.php\/roncumrsd\/\" target=\"_blank\" rel=\"noopener noreferrer\"><img loading=\"lazy\" decoding=\"async\" class=\"alignnone wp-image-2647\" src=\"http:\/\/omn.ie\/wp-content\/uploads\/2020\/10\/RonCumrsad-.png\" alt=\"\" width=\"133\" height=\"133\" srcset=\"http:\/\/omn.ie\/wp-content\/uploads\/2020\/10\/RonCumrsad-.png 209w, http:\/\/omn.ie\/wp-content\/uploads\/2020\/10\/RonCumrsad--150x150.png 150w, http:\/\/omn.ie\/wp-content\/uploads\/2020\/10\/RonCumrsad--66x66.png 66w\" sizes=\"auto, (max-width: 133px) 100vw, 133px\" \/><\/a><\/h2>\n<h2><a href=\"http:\/\/omn.ie\/index.php\/roncumrsd\/\" target=\"_blank\" rel=\"noopener noreferrer\">Ro\u00f1 n\u0109 Cumrs\u00e1\u0135\u0109<\/a><\/h2>\n<h2><a href=\"http:\/\/omn.ie\/index.php\/ronnhaerd-comsl\" target=\"_blank\" rel=\"noopener noreferrer\"><img loading=\"lazy\" decoding=\"async\" class=\"alignnone wp-image-2662\" src=\"http:\/\/omn.ie\/wp-content\/uploads\/2020\/10\/Aer7ComSaol.png\" alt=\"\" width=\"135\" height=\"135\" srcset=\"http:\/\/omn.ie\/wp-content\/uploads\/2020\/10\/Aer7ComSaol.png 209w, http:\/\/omn.ie\/wp-content\/uploads\/2020\/10\/Aer7ComSaol-150x150.png 150w, http:\/\/omn.ie\/wp-content\/uploads\/2020\/10\/Aer7ComSaol-66x66.png 66w\" sizes=\"auto, (max-width: 135px) 100vw, 135px\" \/><\/a><\/h2>\n<h2><a href=\"http:\/\/omn.ie\/index.php\/ronnhaerd-comsl\" target=\"_blank\" rel=\"noopener noreferrer\">Ro\u00f1 n\u0109 hAer\u00e1\u0135\u0109 &amp; \u2018n Co\u03bc\u03a3\u044d\u013c<\/a><\/h2>\n<h2><a href=\"http:\/\/omn.ie\/index.php\/ronnodcsdan\/\" target=\"_blank\" rel=\"noopener noreferrer\"><img loading=\"lazy\" decoding=\"async\" class=\"alignnone wp-image-2440\" src=\"http:\/\/omn.ie\/wp-content\/uploads\/2015\/05\/Odcs.png\" alt=\"\" width=\"156\" height=\"156\" srcset=\"http:\/\/omn.ie\/wp-content\/uploads\/2015\/05\/Odcs.png 209w, http:\/\/omn.ie\/wp-content\/uploads\/2015\/05\/Odcs-150x150.png 150w, http:\/\/omn.ie\/wp-content\/uploads\/2015\/05\/Odcs-66x66.png 66w\" sizes=\"auto, (max-width: 156px) 100vw, 156px\" \/><\/a><\/h2>\n<h2><a href=\"http:\/\/omn.ie\/index.php\/ronnodcsdan\/\" target=\"_blank\" rel=\"noopener noreferrer\">O\u0135\u010bs d g\u010b S\u044dr\u00e1n\u010b<\/a><\/h2>\n<h2><a href=\"http:\/\/omn.ie\/index.php\/ronn-slant\/\" target=\"_blank\" rel=\"noopener noreferrer\"><img loading=\"lazy\" decoding=\"async\" class=\"alignnone wp-image-2661\" src=\"http:\/\/omn.ie\/wp-content\/uploads\/2020\/10\/Slant-.png\" alt=\"\" width=\"154\" height=\"154\" srcset=\"http:\/\/omn.ie\/wp-content\/uploads\/2020\/10\/Slant-.png 209w, http:\/\/omn.ie\/wp-content\/uploads\/2020\/10\/Slant--150x150.png 150w, http:\/\/omn.ie\/wp-content\/uploads\/2020\/10\/Slant--66x66.png 66w\" sizes=\"auto, (max-width: 154px) 100vw, 154px\" \/><\/a><\/h2>\n<h2><a href=\"http:\/\/omn.ie\/index.php\/ronn-slant\/\" target=\"_blank\" rel=\"noopener noreferrer\">Ro\u00f1 n\u0109 Sl\u00e1n\u03c4\u0109<\/a><\/h2>\n<h2><a href=\"http:\/\/omn.ie\/index.php\/ronn-talmdct-nbidn-mar\/\" target=\"_blank\" rel=\"noopener noreferrer\"><img loading=\"lazy\" decoding=\"async\" class=\"alignnone wp-image-2663\" src=\"http:\/\/omn.ie\/wp-content\/uploads\/2020\/10\/TalmctBid7Mur.png\" alt=\"\" width=\"122\" height=\"122\" srcset=\"http:\/\/omn.ie\/wp-content\/uploads\/2020\/10\/TalmctBid7Mur.png 209w, http:\/\/omn.ie\/wp-content\/uploads\/2020\/10\/TalmctBid7Mur-150x150.png 150w, http:\/\/omn.ie\/wp-content\/uploads\/2020\/10\/TalmctBid7Mur-66x66.png 66w\" sizes=\"auto, (max-width: 122px) 100vw, 122px\" \/><\/a><\/h2>\n<h2><a href=\"http:\/\/omn.ie\/index.php\/ronn-talmdct-nbidn-mar\/\" target=\"_blank\" rel=\"noopener noreferrer\">Ro\u00f1 n\u0109 Tal\u03bc\u03c5\u010bt\u0109, \u2018n \u03b6i\u03c5 &amp; n\u0109 Mar\u0109<\/a><\/h2>\n<h2><a href=\"http:\/\/omn.ie\/index.php\/ronn-lenxgnoxog\/\" target=\"_blank\" rel=\"noopener noreferrer\"><img loading=\"lazy\" decoding=\"async\" class=\"alignnone wp-image-2657\" src=\"http:\/\/omn.ie\/wp-content\/uploads\/2020\/10\/RonLeanb7Og-.png\" alt=\"\" width=\"132\" height=\"132\" srcset=\"http:\/\/omn.ie\/wp-content\/uploads\/2020\/10\/RonLeanb7Og-.png 209w, http:\/\/omn.ie\/wp-content\/uploads\/2020\/10\/RonLeanb7Og--150x150.png 150w, http:\/\/omn.ie\/wp-content\/uploads\/2020\/10\/RonLeanb7Og--66x66.png 66w\" sizes=\"auto, (max-width: 132px) 100vw, 132px\" \/><\/a><\/h2>\n<h2><a href=\"http:\/\/omn.ie\/index.php\/ronn-lenxgnoxog\/\" target=\"_blank\" rel=\"noopener noreferrer\">Ro\u00f1 n\u0109 \u013ben\u03b2x &amp; Gn\u00f3\u03b8x \u00d3\u011d\u0109<\/a><\/h2>\n<h2><a href=\"http:\/\/omn.ie\/index.php\/ronn-gnoxectrcx\/\" target=\"_blank\" rel=\"noopener noreferrer\"><img loading=\"lazy\" decoding=\"async\" class=\"alignnone wp-image-2514\" src=\"http:\/\/omn.ie\/wp-content\/uploads\/2015\/05\/CnaipeTESD.png\" alt=\"\" width=\"155\" height=\"155\" srcset=\"http:\/\/omn.ie\/wp-content\/uploads\/2015\/05\/CnaipeTESD.png 209w, http:\/\/omn.ie\/wp-content\/uploads\/2015\/05\/CnaipeTESD-150x150.png 150w, http:\/\/omn.ie\/wp-content\/uploads\/2015\/05\/CnaipeTESD-66x66.png 66w\" sizes=\"auto, (max-width: 155px) 100vw, 155px\" \/><\/a><\/h2>\n<h2><a href=\"http:\/\/omn.ie\/index.php\/ronn-gnoxectrcx\/\" target=\"_blank\" rel=\"noopener noreferrer\">Ro\u00f1 n\u0109 `Gn\u00f3x E\u010btr\u010bx<\/a><\/h2>\n<h2><a href=\"http:\/\/omn.ie\/index.php\/ronndliqertcominans\/\" target=\"_blank\" rel=\"noopener noreferrer\"><img loading=\"lazy\" decoding=\"async\" class=\"alignnone wp-image-2653\" src=\"http:\/\/omn.ie\/wp-content\/uploads\/2020\/10\/RonDliQert7ComOnns.png\" alt=\"\" width=\"145\" height=\"145\" srcset=\"http:\/\/omn.ie\/wp-content\/uploads\/2020\/10\/RonDliQert7ComOnns.png 209w, http:\/\/omn.ie\/wp-content\/uploads\/2020\/10\/RonDliQert7ComOnns-150x150.png 150w, http:\/\/omn.ie\/wp-content\/uploads\/2020\/10\/RonDliQert7ComOnns-66x66.png 66w\" sizes=\"auto, (max-width: 145px) 100vw, 145px\" \/><\/a><\/h2>\n<h2><a href=\"http:\/\/omn.ie\/index.php\/ronndliqertcominans\/\" target=\"_blank\" rel=\"noopener noreferrer\">Ro\u00f1 \u2018n D\u013c\u00ed, \u03a7e\u03c1\u03c4 &amp; Co\u03bcInan\u03c8<\/a><\/h2>\n<h1 style=\"text-align: left;\"><span style=\"color: #000000;\"><strong>Ro\u00f1x le dru\u0135\u0146 L\u00e1\u0167r\u010b. \u00d1\u00ed \u03c6\u013c g\u00e1 \u013ce \u03c3\u03b4:<\/strong><\/span><\/h1>\n<h2 style=\"text-align: left;\">Ro\u00f1 \u2018n \u0120n\u00f3, \u0391intr &amp; n\u0109 Nu\u03b4l\u03c5\u010bt\u0109<br \/>\nRo\u00f1 \u2018n \u010ault\u00fa\u03c1, nh O\u03c5r\u010bt\u0109 &amp; n\u0109 Gaelt\u010bt\u0109<br \/>\nRo\u00f1 n\u0109 Cosnt\u0109<br \/>\nRo\u00f1 n\u0109 `Gn\u00f3x Fost\u03c5\u010bt\u0109 &amp; C\u0146\u03c1\u03c7\u0109 S\u00f3\u03c8l\u03bex<br \/>\nRo\u00f1 \u2018n Ar\u011dd\u03c8 &amp; Tr\u00e1d\u00e1l\u0109<br \/>\nRo\u00f1 n\u0109 \u03a4i\u0167\u03c5\u010bt\u0109, \u0397\u013cen\u00e1l\u0109 &amp; \u03a1ilts \u00c1\u03c4\u03c3\u03bc\u013c<br \/>\nRo\u00f1 \u2018n \u010aa\u03c4\u010bs \u03a0o\u0171\u013c\u03be &amp; A\u03b8\u010a\u00f3\u03c1\u03c5\u0167\u0109<br \/>\nRo\u00f1 Forbr\u03b8\u0109 T\u00fa\u0167\u0109 &amp; Pob\u013c<br \/>\nRo\u00f1 \u2018n T\u044d\u03c8\u03be<br \/>\nRo\u00f1 \u2018\u00f1 Impr, Turs\u03c1\u010bt\u0109 &amp; Sp\u00f3\u03c1\u03c4<\/h2>\n<div class=\"j83agx80 cbu4d94t ew0dbk1b irj2b8pg\" style=\"text-align: left;\"><strong><span style=\"color: #000000;\">211021-1020:<\/span><\/strong><br \/>\n<strong><span style=\"color: #000000;\"> This website now becomes the medium (input\/outlet) for \u201cD\u00e1il \u00c9ireann\u201d.<\/span><\/strong><br \/>\n<strong><span style=\"color: #000000;\"> \u201cD\u00e1il \u00c9ireann\u201d is the government of Ireland by it\u2019s people.<\/span><\/strong><\/div>\n<div class=\"j83agx80 cbu4d94t ew0dbk1b irj2b8pg\"><\/div>\n","protected":false},"excerpt":{"rendered":"<p>16 Sa\u03bc\u00f1 2022: Conclusive arguments for Direct Democracy. When consensus is replaced by the manoeuvrings of people trying to launder and bribe as much money (.i. resources) as possible from the &#8220;system&#8221;, no decision can ever be based on facts and reality. The whole system of &#8220;Parliamentary Democracy&#8221; that is currently forced on most of [&hellip;]<\/p>\n","protected":false},"author":2,"featured_media":0,"parent":0,"menu_order":0,"comment_status":"closed","ping_status":"closed","template":"","meta":{"footnotes":""},"class_list":["post-547","page","type-page","status-publish","hentry"],"_links":{"self":[{"href":"http:\/\/omn.ie\/index.php\/wp-json\/wp\/v2\/pages\/547","targetHints":{"allow":["GET"]}}],"collection":[{"href":"http:\/\/omn.ie\/index.php\/wp-json\/wp\/v2\/pages"}],"about":[{"href":"http:\/\/omn.ie\/index.php\/wp-json\/wp\/v2\/types\/page"}],"author":[{"embeddable":true,"href":"http:\/\/omn.ie\/index.php\/wp-json\/wp\/v2\/users\/2"}],"replies":[{"embeddable":true,"href":"http:\/\/omn.ie\/index.php\/wp-json\/wp\/v2\/comments?post=547"}],"version-history":[{"count":60,"href":"http:\/\/omn.ie\/index.php\/wp-json\/wp\/v2\/pages\/547\/revisions"}],"predecessor-version":[{"id":8907,"href":"http:\/\/omn.ie\/index.php\/wp-json\/wp\/v2\/pages\/547\/revisions\/8907"}],"wp:attachment":[{"href":"http:\/\/omn.ie\/index.php\/wp-json\/wp\/v2\/media?parent=547"}],"curies":[{"name":"wp","href":"https:\/\/api.w.org\/{rel}","templated":true}]}}